{"id":100,"date":"2024-07-04T07:27:57","date_gmt":"2024-07-04T05:27:57","guid":{"rendered":"https:\/\/sbc-s.com\/?page_id=100"},"modified":"2026-01-16T13:53:04","modified_gmt":"2026-01-16T12:53:04","slug":"avedis-decompte-2","status":"publish","type":"page","link":"https:\/\/sbc-s.com\/","title":{"rendered":"AVEDIS \u2013 DECOMPTE"},"content":{"rendered":"\n<p class=\"has-large-font-size\"><strong>AVEDIS \u2013 DECOMPTE<\/strong><\/p>\n\n\n\n<p class=\"has-medium-font-size\"><strong>Facturation \u00e9lectronique : communication avec les plateformes agr\u00e9\u00e9es<\/strong><\/p>\n\n\n\n<p class=\"has-medium-font-size\">AVEDIS \u2013 DECOMPTE est install\u00e9 sur un serveur chez le distributeur ou dans le cloud.<\/p>\n\n\n\n<p class=\"has-medium-font-size\">Utilisable par toute l\u2019\u00e9quipe, accessible en r\u00e9seau ou \u00e0 distance, en ligne.<br>Protection des donn\u00e9es par des acc\u00e8s et des autorisations.<br>Mise \u00e0 jour directement sur le serveur.<br>Multi-Soci\u00e9t\u00e9s, Multi-exports comptable.<br>Base de relance par mail param\u00e9trable en fonction des besoins.<br><br>AVEDIS \u2013 DECOMPTE fonctionne sous forme de modules interactifs.<\/p>\n\n\n\n<p class=\"has-large-font-size\"><strong>Acquisition<\/strong><\/p>\n\n\n\n<p class=\"has-medium-font-size\">Gestion des \u0153uvres, d\u00e9finition de la fiche technique, artistique et marketing de l&rsquo;\u0153uvre (cat\u00e9gorie, genre, nationalit\u00e9, dur\u00e9e, bandes annonces, dossier presse, photos\u2026). , etc.<br>Gestion de la dur\u00e9e des droits d\u00e9tenus par mode d&rsquo;exploitation, territoires et versions linguistiques.<br>Suivi des r\u00e8glements des MG, liens avec la facture.<\/p>\n\n\n\n<p class=\"has-medium-font-size\">Gestion de la coproduction, financement et suivi des apports de coproduction.<br>Recherche simplifi\u00e9e des documents juridiques.<\/p>\n\n\n\n<p class=\"has-medium-font-size\">Possibilit\u00e9 de relance par mail pour les \u0153uvres en fin de mandat (avec \u00e9ventuellement une clause de tacite reconduction).<\/p>\n\n\n\n<p class=\"has-large-font-size\"><strong>Mat\u00e9riels \/ Servicing<\/strong><\/p>\n\n\n\n<p class=\"has-medium-font-size\">Saisie du mat\u00e9riel contractuel, ainsi que du mat\u00e9riel en stock.<br>Gestion des NOD, facturation et suivi de la livraison du mat\u00e9riel.<\/p>\n\n\n\n<p class=\"has-medium-font-size\">Possibilit\u00e9 de relance par mail pour les ventes ayant une \u00e9ch\u00e9ance li\u00e9e \u00e0 la date de NOD.<br>Possibilit\u00e9 de relance par mail pour les ventes ayant une \u00e9ch\u00e9ance li\u00e9e \u00e0 la livraison du mat\u00e9riel.<br>Possibilit\u00e9 de relance par mail pour les ventes ayant une \u00e9ch\u00e9ance li\u00e9e \u00e0 l\u2019acceptation du mat\u00e9riel.<\/p>\n\n\n\n<p class=\"has-large-font-size\"><strong>Ventes de Droits<\/strong><\/p>\n\n\n\n<p class=\"has-medium-font-size\">Base de prospection et de contact.<br>Saisie des ventes, suivi des \u00e9ch\u00e9ances de r\u00e8glement.<br>Suivi des dates de sortie, du Box-office et des budgets<br>Saisie des bordereaux re\u00e7us, suivi des \u00e9ch\u00e9ances de r\u00e9ception, relance en cas d\u2019oubli du distributeur.<br>Recherche de disponibilit\u00e9, v\u00e9rification des droits et des chevauchements de droits<br>Recherche simplifi\u00e9e des documents juridiques.<br>Possibilit\u00e9 de relance par mail pour les ventes ayant une \u00e9ch\u00e9ance li\u00e9e \u00e0 la saisie de la date \u2018long Forme\u2019 ou \u2018Deal Meno\u2019<br>Possibilit\u00e9 de relance par mail pour les ventes arrivant \u00e0 \u00e9ch\u00e9ance.<br>Possibilit\u00e9 de relance par mail pour les ventes approchant la date de sortie (30 jours avant, 15 jours avant, veille de sortie\u2026)<br>Possibilit\u00e9 de relance par mail pour les ventes ayant une date de sortie depuis x jours ( 1 semaine, 2 semaines\u2026).<br>Des Relances peuvent \u00eatre cr\u00e9\u00e9es en fonction des besoins.<\/p>\n\n\n\n<p class=\"has-medium-font-size\">Etat des ventes sign\u00e9es non factur\u00e9es \u00e0 date ( exemple au 31\/12\/2024 pour le bilan comptable FAE).<\/p>\n\n\n\n<p class=\"has-large-font-size\"><strong>Festivals<\/strong><\/p>\n\n\n\n<p class=\"has-medium-font-size\">Base de Festival et de contact.<br>Base de prospection.<br>Suivi de la facturation des festivals.<br>\u00c9tat de synth\u00e8se. Il peut \u00eatre \u00e0 destination des producteurs.<\/p>\n\n\n\n<p class=\"has-large-font-size\"><strong>Traitement des Ventes<\/strong><\/p>\n\n\n\n<p class=\"has-medium-font-size\">Gestion de la facturation clients :<br>* Facturation des \u00e9ch\u00e9ances de Vente, facture de royalties, apport de coproduction, refacturation mat\u00e9riel,\u2026<br> * Refacturation Frais, commission, quote-part\u2026<br> * Toutes autres factures.<br>Gestion des encaissements : prise en compte des frais bancaires, retenue \u00e0 la source, \u00e9cart de change.<br>Possibilit\u00e9 de relance par mail pour les ventes ayant une date \u00e9ch\u00e9ance \u00e9chue.<br>Possibilit\u00e9 de relance par mail pour les factures ayant une \u00e9ch\u00e9ance d\u00e9pass\u00e9e de plus de x jours.<br>Possibilit\u00e9 d\u2019importer des factures.<br>Possibilit\u00e9 de marquer les factures pour une aide \u00e0 la d\u00e9claration de TVA.<br>Possibilit\u00e9 de marquer les factures pour les \u0153uvres qui ne sont pas encore sorties (PCA).<br>Possibilit\u00e9 d\u2019exporter les factures et les PCA vers la comptabilit\u00e9s.<\/p>\n\n\n\n<p class=\"has-large-font-size\"><strong>Traitement des Achats<\/strong><\/p>\n\n\n\n<p class=\"has-medium-font-size\">Gestion des Budgets du Film (Salle, Etranger\u2026).<br>Suivi des d\u00e9penses, alerte en cas de d\u00e9passement du budget ou du cap de frais.<br>Gestion des commandes fournisseurs :<br>Saisie des commandes<br>Possibilit\u00e9 de mettre en place un workflow de validation.<br>Possibilit\u00e9 de relance par mail pour les commandes sup\u00e9rieures \u00e0 x euros.<br>Gestion de la facturation fournisseurs :<br>Facturation des d\u00e9penses relatives \u00e0 la distribution du film. Affectation en fonction du m\u00e9dia.<br>Possibilit\u00e9 de mettre en place un workflow de signature.<br>Possibilit\u00e9 d\u2019importer des commandes et des factures.<br>Possibilit\u00e9 de marquer les factures pour une aide \u00e0 la d\u00e9claration de TVA.<br>Etat des commandes non factur\u00e9es \u00e0 date ( exemple au 31\/12\/2024 pour le bilan comptable FNP).<br>Possibilit\u00e9 de marquer les factures pour les \u0153uvres qui ne sont pas encore sorties (CCA).<br>Possibilit\u00e9 d\u2019exporter les factures, les FNP et les CCA vers la comptabilit\u00e9.<\/p>\n\n\n\n<p class=\"has-large-font-size\"><strong>Subventions<\/strong><\/p>\n\n\n\n<p class=\"has-medium-font-size\">Gestion des subventions CNC, m\u00e9dia et toutes autres subventions.<br>Visualisation des subventions g\u00e9n\u00e9r\u00e9es.<br>Visualisation des mobilisations des subventions.<br>\u00c9tat de synth\u00e8se des subventions.<\/p>\n\n\n\n<p class=\"has-large-font-size\"><strong>Reddition des comptes<\/strong><\/p>\n\n\n\n<p class=\"has-medium-font-size\">Calcul des r\u00e9partitions, partages des recettes d\u2019exploitation pour toute la chaine de droit (Acteur, auteur, r\u00e9alisateur, SOFICA, producteur\u2026).<br>Suivi des \u00e9mission des d\u00e9comptes. Possibilit\u00e9 d\u2019envoyer directement par mail.<br>Suivi de la facturation et des r\u00e8glements des d\u00e9comptes<br>Gestion des bordereaux provisionn\u00e9s (cl\u00f4ture comptable)<br>Il est possible de g\u00e9n\u00e9rer un bordereau provisionn\u00e9 pour la cl\u00f4ture comptable.<br>Simulation des d\u00e9comptes afin de visualiser les futurs reversements.<\/p>\n\n\n\n<p class=\"has-medium-font-size\"><\/p>\n","protected":false},"excerpt":{"rendered":"<p>AVEDIS \u2013 DECOMPTE Facturation \u00e9lectronique : communication avec les plateformes agr\u00e9\u00e9es AVEDIS \u2013 DECOMPTE est install\u00e9 sur un serveur chez le distributeur ou dans le cloud. Utilisable par toute l\u2019\u00e9quipe, accessible en r\u00e9seau ou \u00e0 distance, en ligne.Protection des donn\u00e9es par des acc\u00e8s et des autorisations.Mise \u00e0 jour directement sur le serveur.Multi-Soci\u00e9t\u00e9s, Multi-exports comptable.Base de &hellip; <\/p>\n<p class=\"link-more\"><a href=\"https:\/\/sbc-s.com\/\" class=\"more-link\">Continuer la lecture<span class=\"screen-reader-text\"> de &laquo;&nbsp;AVEDIS \u2013 DECOMPTE&nbsp;&raquo;<\/span><\/a><\/p>\n","protected":false},"author":1,"featured_media":0,"parent":0,"menu_order":0,"comment_status":"closed","ping_status":"closed","template":"","meta":{"footnotes":""},"class_list":["post-100","page","type-page","status-publish","hentry"],"_links":{"self":[{"href":"https:\/\/sbc-s.com\/index.php?rest_route=\/wp\/v2\/pages\/100","targetHints":{"allow":["GET"]}}],"collection":[{"href":"https:\/\/sbc-s.com\/index.php?rest_route=\/wp\/v2\/pages"}],"about":[{"href":"https:\/\/sbc-s.com\/index.php?rest_route=\/wp\/v2\/types\/page"}],"author":[{"embeddable":true,"href":"https:\/\/sbc-s.com\/index.php?rest_route=\/wp\/v2\/users\/1"}],"replies":[{"embeddable":true,"href":"https:\/\/sbc-s.com\/index.php?rest_route=%2Fwp%2Fv2%2Fcomments&post=100"}],"version-history":[{"count":8,"href":"https:\/\/sbc-s.com\/index.php?rest_route=\/wp\/v2\/pages\/100\/revisions"}],"predecessor-version":[{"id":118,"href":"https:\/\/sbc-s.com\/index.php?rest_route=\/wp\/v2\/pages\/100\/revisions\/118"}],"wp:attachment":[{"href":"https:\/\/sbc-s.com\/index.php?rest_route=%2Fwp%2Fv2%2Fmedia&parent=100"}],"curies":[{"name":"wp","href":"https:\/\/api.w.org\/{rel}","templated":true}]}}